{"id":279,"date":"2025-08-31T21:12:22","date_gmt":"2025-09-01T00:12:22","guid":{"rendered":"http:\/\/inovaee.ufes.br\/?page_id=279"},"modified":"2025-08-31T21:17:46","modified_gmt":"2025-09-01T00:17:46","slug":"editais-ee","status":"publish","type":"page","link":"https:\/\/inovaee.ufes.br\/?page_id=279","title":{"rendered":"Editais EE"},"content":{"rendered":"\t\t<div data-elementor-type=\"wp-page\" data-elementor-id=\"279\" class=\"elementor elementor-279\" data-elementor-post-type=\"page\">\n\t\t\t\t<div class=\"elementor-element elementor-element-2da32048 e-con-full e-flex wpr-particle-no wpr-jarallax-no wpr-parallax-no wpr-sticky-section-no e-con e-parent\" data-id=\"2da32048\" data-element_type=\"container\" data-settings=\"{&quot;background_background&quot;:&quot;classic&quot;}\">\n\t\t\t\t<div class=\"elementor-element elementor-element-690dfe14 elementor-widget elementor-widget-heading\" data-id=\"690dfe14\" data-element_type=\"widget\" data-widget_type=\"heading.default\">\n\t\t\t\t\t<h2 class=\"elementor-heading-title elementor-size-default\">Editais do Espa\u00e7o Empreendedor<\/h2>\t\t\t\t<\/div>\n\t\t\t\t<div class=\"elementor-element elementor-element-1a5a1428 elementor-widget elementor-widget-text-editor\" data-id=\"1a5a1428\" data-element_type=\"widget\" data-widget_type=\"text-editor.default\">\n\t\t\t\t\t\t\t\t\t<p>O Espa\u00e7o Empreendedor \u00e9 uma incubadora vinculada \u00e0 Diretoria de Inova\u00e7\u00e3o, da Inova Ufes (Superintend\u00eancia de Projetos e Inova\u00e7\u00e3o) da Universidade Federal do Esp\u00edrito Santo (UFES).<\/p><p>Atrav\u00e9s do Espa\u00e7o Empreendedor a UFES dissemina a cultura do empreendedorismo e inova\u00e7\u00e3o e impulsiona o desenvolvimento de ideias em produtos e neg\u00f3cios em empresas. Fomentando o surgimento de startups que geram impacto positivo na comunidade acad\u00eamica e na sociedade.<\/p><p><strong>Acompanhe os editais abaixo:<\/strong><\/p>\t\t\t\t\t\t\t\t<\/div>\n\t\t\t\t<div class=\"elementor-element elementor-element-2c7c4d13 elementor-widget elementor-widget-eael-adv-accordion\" data-id=\"2c7c4d13\" data-element_type=\"widget\" data-widget_type=\"eael-adv-accordion.default\">\n\t\t\t\t\t        <div class=\"eael-adv-accordion\" id=\"eael-adv-accordion-2c7c4d13\" data-scroll-on-click=\"no\" data-scroll-speed=\"300\" data-accordion-id=\"2c7c4d13\" data-accordion-type=\"accordion\" data-toogle-speed=\"300\">\n    <div class=\"eael-accordion-list\">\n                <div id=\"2025\" class=\"elementor-tab-title eael-accordion-header active-default\" tabindex=\"0\" data-tab=\"1\" aria-controls=\"elementor-tab-content-7461\"><span class=\"eael-advanced-accordion-icon-closed\"><svg aria-hidden=\"true\" class=\"fa-accordion-icon e-font-icon-svg e-fas-plus\" viewBox=\"0 0 448 512\" xmlns=\"http:\/\/www.w3.org\/2000\/svg\"><path d=\"M416 208H272V64c0-17.67-14.33-32-32-32h-32c-17.67 0-32 14.33-32 32v144H32c-17.67 0-32 14.33-32 32v32c0 17.67 14.33 32 32 32h144v144c0 17.67 14.33 32 32 32h32c17.67 0 32-14.33 32-32V304h144c17.67 0 32-14.33 32-32v-32c0-17.67-14.33-32-32-32z\"><\/path><\/svg><\/span><span class=\"eael-advanced-accordion-icon-opened\"><svg aria-hidden=\"true\" class=\"fa-accordion-icon e-font-icon-svg e-fas-minus\" viewBox=\"0 0 448 512\" xmlns=\"http:\/\/www.w3.org\/2000\/svg\"><path d=\"M416 208H32c-17.67 0-32 14.33-32 32v32c0 17.67 14.33 32 32 32h384c17.67 0 32-14.33 32-32v-32c0-17.67-14.33-32-32-32z\"><\/path><\/svg><\/span><span class=\"eael-accordion-tab-title\">2025<\/span><svg aria-hidden=\"true\" class=\"fa-toggle e-font-icon-svg e-fas-angle-right\" viewBox=\"0 0 256 512\" xmlns=\"http:\/\/www.w3.org\/2000\/svg\"><path d=\"M224.3 273l-136 136c-9.4 9.4-24.6 9.4-33.9 0l-22.6-22.6c-9.4-9.4-9.4-24.6 0-33.9l96.4-96.4-96.4-96.4c-9.4-9.4-9.4-24.6 0-33.9L54.3 103c9.4-9.4 24.6-9.4 33.9 0l136 136c9.5 9.4 9.5 24.6.1 34z\"><\/path><\/svg><\/div><div id=\"elementor-tab-content-7461\" class=\"eael-accordion-content clearfix active-default\" data-tab=\"1\" aria-labelledby=\"2025\"><p><a href=\"https:\/\/inovacao.ufes.br\/wp-content\/uploads\/2025\/08\/EDT-Resultado-Preliminar-Banca-Agosto.pdf\">Resultado Preliminar do Edital N\u00ba 01\/2025 vagas remanescentes, Banca Agosto de 2025<\/a><\/p><p><a href=\"https:\/\/inovacao.ufes.br\/wp-content\/uploads\/2025\/08\/EDT-Submissoes_Cronograma_2_Etapa_2025_Agosto_Fluxo_Continuo.pdf\">Cronograma 2\u00ba Etapa de propostas homologadas &#8211; Banca Agosto de 2025<\/a><\/p><p><a href=\"https:\/\/inovacao.ufes.br\/wp-content\/uploads\/2025\/08\/EDT-Submissoes_Homologacao_2025_agosto.pdf\">Homologa\u00e7\u00e3o das propostas vagas remanescentes &#8211; Banca Agosto 2025<\/a><\/p><p><a href=\"https:\/\/inovacao.ufes.br\/wp-content\/uploads\/2025\/08\/EDT-_resultado_final_banca_julho_2025.pdf\">Resultado Final do Edital N\u00ba 01\/2025 vagas remanescentes, Banca 21 de julho de 2025<\/a><\/p><p><a href=\"https:\/\/inovacao.ufes.br\/wp-content\/uploads\/2025\/08\/EDT-Resultado-Preliminar-Banca-Julho.pdf\">Resultado Preliminar do Edital N\u00ba 01\/2025 vagas remanescentes, Banca 21 de julho de 2025<\/a><\/p><p><a href=\"https:\/\/inovacao.ufes.br\/wp-content\/uploads\/2025\/06\/EDT-Submissoes_Cronograma_2_Etapa_2025_Junho_Fluxo_Continuo.docx_assinado_28129_assinado_assinado.pdf\">Cronograma 2\u00ba Etapa de propostas homologadas<\/a><\/p><p><a href=\"https:\/\/inovacao.ufes.br\/wp-content\/uploads\/2025\/06\/EDT-Submissoes_Homologacao_2025_assinado_assinado_assinado.pdf\">Homologa\u00e7\u00e3o das Propostas &#8211; 2\u00ba Of\u00edcio<\/a><\/p><p><a href=\"https:\/\/inovacao.ufes.br\/wp-content\/uploads\/2025\/04\/Oficio-004-resultado-final-do-edital-01-2025-EE.pdf\">Edital 01\/2025 &#8211; Resultado final<\/a><\/p><p><a href=\"https:\/\/inovacao.ufes.br\/wp-content\/uploads\/2025\/04\/Resultado-Preliminar.docx.pdf\">Edital 01\/2025 &#8211; Resultado Preliminar<\/a><\/p><p><a href=\"https:\/\/inovacao.ufes.br\/wp-content\/uploads\/2025\/03\/Interposicao_de_Recurso_-_EE_Edital_2025_28129_assinado_assinado_assinado.pdf\">Resultados ap\u00f3s Recursos das Inscri\u00e7\u00f5es homologadas<\/a><\/p><p><a href=\"https:\/\/inovacao.ufes.br\/wp-content\/uploads\/2025\/03\/Homologacao-das-Propostas.pdf\">Homologa\u00e7\u00e3o das Propostas<\/a><\/p><p><a href=\"https:\/\/inovacao.ufes.br\/wp-content\/uploads\/2025\/03\/Cronograma-da-2a-Fase.pdf\">Cronograma da 2\u00aa Fase<\/a><\/p><p><a href=\"https:\/\/inovacao.ufes.br\/wp-content\/uploads\/2025\/01\/Edital_Incubacao_EE_01_2025.pdf\">Edital 01\/2025 &#8211; EDITAL DE SELE\u00c7\u00c3O DE PROPOSTAS PARA INCUBA\u00c7\u00c3O<\/a>\u00a0<\/p><p><a href=\"https:\/\/inovacao.ufes.br\/wp-content\/uploads\/2025\/01\/ANEXO-I-Ficha-De-Inscricao-Pessoa-Fisica.pdf\">ANEXO I &#8211; Ficha De Inscri\u00e7\u00e3o Pessoa F\u00edsica PDF<\/a><br \/><a href=\"https:\/\/inovacao.ufes.br\/wp-content\/uploads\/2025\/01\/ANEXO-I-Ficha-De-Inscricao-Pessoa-Fisica.docx\">ANEXO I &#8211; Ficha De Inscri\u00e7\u00e3o Pessoa F\u00edsica DOCX<\/a><\/p><p><a href=\"https:\/\/inovacao.ufes.br\/wp-content\/uploads\/2025\/01\/ANEXO-II-Ficha-De-Inscricao-Pessoa-Juridica.pdf\">ANEXO II &#8211; Ficha De Inscri\u00e7\u00e3o Pessoa Jur\u00eddica PDF<\/a><br \/><a href=\"https:\/\/inovacao.ufes.br\/wp-content\/uploads\/2025\/01\/ANEXO-II-Ficha-De-Inscricao-Pessoa-Juridica.docx\">ANEXO II &#8211; Ficha De Inscri\u00e7\u00e3o Pessoa Jur\u00eddica DOCX <\/a><\/p><p><a href=\"https:\/\/inovacao.ufes.br\/wp-content\/uploads\/2025\/01\/ANEXO-III-ROTEIRO-DA-PROPOSTA-DO-NEGOCIO-PARA-INCUBACAO.pdf\">ANEXO III &#8211; ROTEIRO DA PROPOSTA DO NEG\u00d3CIO PARA INCUBA\u00c7\u00c3O\u00a0PDF<\/a><br \/><a href=\"https:\/\/inovacao.ufes.br\/wp-content\/uploads\/2025\/01\/ANEXO-III-ROTEIRO-DA-PROPOSTA-DO-NEGOCIO-PARA-INCUBACAO.docx\">ANEXO III &#8211; ROTEIRO DA PROPOSTA DO NEG\u00d3CIO PARA INCUBA\u00c7\u00c3O DOCX<\/a><\/p><p><a href=\"https:\/\/inovacao.ufes.br\/wp-content\/uploads\/2025\/01\/ANEXO-IV-DECLARACAO-DE-RESPONSABILIDADE-1.pdf\">ANEXO IV &#8211; DECLARA\u00c7\u00c3O DE RESPONSABILIDADE PDF<\/a><br \/><a href=\"https:\/\/inovacao.ufes.br\/wp-content\/uploads\/2025\/01\/ANEXO-IV-DECLARACAO-DE-RESPONSABILIDADE.docx\">ANEXO IV &#8211; DECLARA\u00c7\u00c3O DE RESPONSABILIDADE DOCX<\/a><\/p><p><a href=\"https:\/\/inovacao.ufes.br\/wp-content\/uploads\/2025\/01\/ANEXO-V-FORMULARIO-PARA-RECURSO.pdf\">ANEXO V &#8211; FORMUL\u00c1RIO PARA RECURSO PDF<\/a><br \/><a href=\"https:\/\/inovacao.ufes.br\/wp-content\/uploads\/2025\/01\/ANEXO-V-FORMULARIO-PARA-RECURSO.docx\">ANEXO V &#8211; FORMUL\u00c1RIO PARA RECURSO\u00a0DOCX<\/a><\/p><\/div>\n                <\/div><div class=\"eael-accordion-list\">\n                <div id=\"2024\" class=\"elementor-tab-title eael-accordion-header\" tabindex=\"0\" data-tab=\"2\" aria-controls=\"elementor-tab-content-7462\"><span class=\"eael-advanced-accordion-icon-closed\"><svg aria-hidden=\"true\" class=\"fa-accordion-icon e-font-icon-svg e-fas-plus\" viewBox=\"0 0 448 512\" xmlns=\"http:\/\/www.w3.org\/2000\/svg\"><path d=\"M416 208H272V64c0-17.67-14.33-32-32-32h-32c-17.67 0-32 14.33-32 32v144H32c-17.67 0-32 14.33-32 32v32c0 17.67 14.33 32 32 32h144v144c0 17.67 14.33 32 32 32h32c17.67 0 32-14.33 32-32V304h144c17.67 0 32-14.33 32-32v-32c0-17.67-14.33-32-32-32z\"><\/path><\/svg><\/span><span class=\"eael-advanced-accordion-icon-opened\"><svg aria-hidden=\"true\" class=\"fa-accordion-icon e-font-icon-svg e-fas-minus\" viewBox=\"0 0 448 512\" xmlns=\"http:\/\/www.w3.org\/2000\/svg\"><path d=\"M416 208H32c-17.67 0-32 14.33-32 32v32c0 17.67 14.33 32 32 32h384c17.67 0 32-14.33 32-32v-32c0-17.67-14.33-32-32-32z\"><\/path><\/svg><\/span><span class=\"eael-accordion-tab-title\">2024<\/span><svg aria-hidden=\"true\" class=\"fa-toggle e-font-icon-svg e-fas-angle-right\" viewBox=\"0 0 256 512\" xmlns=\"http:\/\/www.w3.org\/2000\/svg\"><path d=\"M224.3 273l-136 136c-9.4 9.4-24.6 9.4-33.9 0l-22.6-22.6c-9.4-9.4-9.4-24.6 0-33.9l96.4-96.4-96.4-96.4c-9.4-9.4-9.4-24.6 0-33.9L54.3 103c9.4-9.4 24.6-9.4 33.9 0l136 136c9.5 9.4 9.5 24.6.1 34z\"><\/path><\/svg><\/div><div id=\"elementor-tab-content-7462\" class=\"eael-accordion-content clearfix\" data-tab=\"2\" aria-labelledby=\"2024\"><ul><li class=\"rtejustify\"><a href=\"https:\/\/inovacao.ufes.br\/wp-content\/uploads\/2024\/12\/resultado_final_bolsita_ee_design.pdf\">Edital 01\/2024 Bolsista EXT D &#8211; Resultado Final<\/a><\/li><li class=\"rtejustify\"><a href=\"https:\/\/inovacao.ufes.br\/wp-content\/uploads\/2024\/12\/selecao_de_bolsista_design_ee_retificacao_do_resultado_parcial.pdf\">Edital 01\/2024 Bolsista EXT D &#8211; Retifica\u00e7\u00e3o do Resultado Parcial<\/a><\/li><li class=\"rtejustify\"><a href=\"https:\/\/inovacao.ufes.br\/wp-content\/uploads\/2024\/12\/selecao_de_bolsista_design_ee_resultado_parcial_0.pdf\">Edital 01\/2024 Bolsista EXT D &#8211; Classifica\u00e7\u00e3o Parcial<\/a><\/li><li class=\"rtejustify\"><a href=\"https:\/\/inovacao.ufes.br\/wp-content\/uploads\/2024\/12\/relacao_de_inscricoes_homologadas_edital_001_-2024.pdf\">Edital 01\/2024 Bolsista EXT D &#8211; Inscri\u00e7\u00f5es Homologadas<\/a><\/li><li class=\"rtejustify\"><a href=\"https:\/\/inovacao.ufes.br\/wp-content\/uploads\/2024\/12\/edital_bolsista_ext_-_d_espaco_empreendedor.pdf\">Edital 01\/2024 Bolsista EXT\u00a0D &#8211; Espac\u0327o Empreendedor<\/a><\/li><\/ul><\/div>\n                <\/div><div class=\"eael-accordion-list\">\n                <div id=\"2023\" class=\"elementor-tab-title eael-accordion-header\" tabindex=\"0\" data-tab=\"3\" aria-controls=\"elementor-tab-content-7463\"><span class=\"eael-advanced-accordion-icon-closed\"><svg aria-hidden=\"true\" class=\"fa-accordion-icon e-font-icon-svg e-fas-plus\" viewBox=\"0 0 448 512\" xmlns=\"http:\/\/www.w3.org\/2000\/svg\"><path d=\"M416 208H272V64c0-17.67-14.33-32-32-32h-32c-17.67 0-32 14.33-32 32v144H32c-17.67 0-32 14.33-32 32v32c0 17.67 14.33 32 32 32h144v144c0 17.67 14.33 32 32 32h32c17.67 0 32-14.33 32-32V304h144c17.67 0 32-14.33 32-32v-32c0-17.67-14.33-32-32-32z\"><\/path><\/svg><\/span><span class=\"eael-advanced-accordion-icon-opened\"><svg aria-hidden=\"true\" class=\"fa-accordion-icon e-font-icon-svg e-fas-minus\" viewBox=\"0 0 448 512\" xmlns=\"http:\/\/www.w3.org\/2000\/svg\"><path d=\"M416 208H32c-17.67 0-32 14.33-32 32v32c0 17.67 14.33 32 32 32h384c17.67 0 32-14.33 32-32v-32c0-17.67-14.33-32-32-32z\"><\/path><\/svg><\/span><span class=\"eael-accordion-tab-title\">2023<\/span><svg aria-hidden=\"true\" class=\"fa-toggle e-font-icon-svg e-fas-angle-right\" viewBox=\"0 0 256 512\" xmlns=\"http:\/\/www.w3.org\/2000\/svg\"><path d=\"M224.3 273l-136 136c-9.4 9.4-24.6 9.4-33.9 0l-22.6-22.6c-9.4-9.4-9.4-24.6 0-33.9l96.4-96.4-96.4-96.4c-9.4-9.4-9.4-24.6 0-33.9L54.3 103c9.4-9.4 24.6-9.4 33.9 0l136 136c9.5 9.4 9.5 24.6.1 34z\"><\/path><\/svg><\/div><div id=\"elementor-tab-content-7463\" class=\"eael-accordion-content clearfix\" data-tab=\"3\" aria-labelledby=\"2023\"><ul><li class=\"rtejustify\"><a href=\"https:\/\/inovacao.ufes.br\/wp-content\/uploads\/2024\/12\/resultado_da_homologacao_das_startups_do_edital_02_-_2023_29_29_assinado_0.pdf\">Resultado Final da Homologa\u00e7\u00e3o das Startups do Espa\u00e7o Empreendedor 02\/2023<\/a>\u00a0\u00a0<\/li><li class=\"rtejustify\"><a href=\"https:\/\/inovacao.ufes.br\/wp-content\/uploads\/2024\/12\/resultado_preliminar_edital_espaco_empreendedor_2023.pdf\">Resultado Preliminar\u00a0Edital 02\/2023 &#8211; Espa\u00e7o Empreendedor UFES<\/a><\/li><li class=\"rtejustify\"><a href=\"https:\/\/inovacao.ufes.br\/wp-content\/uploads\/2024\/12\/habilitacao_propostas_edital_espaco_empreendedor_2023.pdf\">Habilita\u00e7\u00e3o das Propostas Edital 02\/2023 &#8211; Espa\u00e7o Empreendedor UFES<\/a><\/li><li class=\"rtejustify\"><a href=\"https:\/\/inovacao.ufes.br\/wp-content\/uploads\/2024\/12\/errata_cronograma_edital_espaco_empreendedor_2023.pdf\">Errata do Cronograma Edital 02\/2023 &#8211; Espa\u00e7o Empreendedor UFES<\/a><\/li><li class=\"rtejustify\"><a href=\"https:\/\/inovacao.ufes.br\/wp-content\/uploads\/2024\/12\/edital_de_incubacao_espaco_empreendedor_2023.pdf\">Edital 02\/20203 &#8211; Espa\u00e7o Empreendedor UFES<\/a><\/li><\/ul><\/div>\n                <\/div><div class=\"eael-accordion-list\">\n                <div id=\"2019\" class=\"elementor-tab-title eael-accordion-header\" tabindex=\"0\" data-tab=\"4\" aria-controls=\"elementor-tab-content-7464\"><span class=\"eael-advanced-accordion-icon-closed\"><svg aria-hidden=\"true\" class=\"fa-accordion-icon e-font-icon-svg e-fas-plus\" viewBox=\"0 0 448 512\" xmlns=\"http:\/\/www.w3.org\/2000\/svg\"><path d=\"M416 208H272V64c0-17.67-14.33-32-32-32h-32c-17.67 0-32 14.33-32 32v144H32c-17.67 0-32 14.33-32 32v32c0 17.67 14.33 32 32 32h144v144c0 17.67 14.33 32 32 32h32c17.67 0 32-14.33 32-32V304h144c17.67 0 32-14.33 32-32v-32c0-17.67-14.33-32-32-32z\"><\/path><\/svg><\/span><span class=\"eael-advanced-accordion-icon-opened\"><svg aria-hidden=\"true\" class=\"fa-accordion-icon e-font-icon-svg e-fas-minus\" viewBox=\"0 0 448 512\" xmlns=\"http:\/\/www.w3.org\/2000\/svg\"><path d=\"M416 208H32c-17.67 0-32 14.33-32 32v32c0 17.67 14.33 32 32 32h384c17.67 0 32-14.33 32-32v-32c0-17.67-14.33-32-32-32z\"><\/path><\/svg><\/span><span class=\"eael-accordion-tab-title\">2019<\/span><svg aria-hidden=\"true\" class=\"fa-toggle e-font-icon-svg e-fas-angle-right\" viewBox=\"0 0 256 512\" xmlns=\"http:\/\/www.w3.org\/2000\/svg\"><path d=\"M224.3 273l-136 136c-9.4 9.4-24.6 9.4-33.9 0l-22.6-22.6c-9.4-9.4-9.4-24.6 0-33.9l96.4-96.4-96.4-96.4c-9.4-9.4-9.4-24.6 0-33.9L54.3 103c9.4-9.4 24.6-9.4 33.9 0l136 136c9.5 9.4 9.5 24.6.1 34z\"><\/path><\/svg><\/div><div id=\"elementor-tab-content-7464\" class=\"eael-accordion-content clearfix\" data-tab=\"4\" aria-labelledby=\"2019\"><ul><li><a href=\"https:\/\/inovacao.ufes.br\/wp-content\/uploads\/2024\/12\/resultado_final_edital_no_01_2019.pdf\">Resultado Final &#8211; Espa\u00e7o Empreendedor UFES<\/a><\/li><li><a href=\"https:\/\/inovacao.ufes.br\/wp-content\/uploads\/2024\/12\/resultado_preliminar_2a_fase_edital_no_01_2019_.pdf\">Resultado Preliminar 2\u00aa Fase &#8211; Espa\u00e7o Empreendedor UFES<\/a><\/li><li><a href=\"https:\/\/inovacao.ufes.br\/wp-content\/uploads\/2024\/12\/resultado_da_1a_fase_-_espaco_empreendedor_ufes_0.pdf\">Resultado 1\u00aa Fase &#8211; Espa\u00e7o Empreendedor UFES<\/a><\/li><li><a href=\"http:\/\/edital_no_01.2019_-_retificado\">Edital Retificado\u00a0001\/2019 &#8211; Espa\u00e7o Empreendedor UFES<\/a><\/li><li><a href=\"https:\/\/inovacao.ufes.br\/wp-content\/uploads\/2024\/12\/edital_no_012019_espaco_empreendedor_ufes.pdf\">Edital 001\/2019 &#8211; Espa\u00e7o Empreendedor UFES<\/a><\/li><\/ul><\/div>\n                <\/div><\/div>\t\t\t\t<\/div>\n\t\t\t\t<\/div>\n\t\t\t\t<\/div>\n\t\t","protected":false},"excerpt":{"rendered":"<p>Editais do Espa\u00e7o Empreendedor O Espa\u00e7o Empreendedor \u00e9 uma incubadora vinculada \u00e0 Diretoria de Inova\u00e7\u00e3o, da Inova Ufes (Superintend\u00eancia de Projetos e Inova\u00e7\u00e3o) da Universidade Federal do Esp\u00edrito Santo (UFES). Atrav\u00e9s do Espa\u00e7o Empreendedor a UFES dissemina a cultura do empreendedorismo e inova\u00e7\u00e3o e impulsiona o desenvolvimento de ideias em produtos e neg\u00f3cios em empresas. Fomentando o surgimento de startups que geram impacto positivo na comunidade acad\u00eamica e na sociedade. Acompanhe os editais abaixo: 2025 Resultado Preliminar do Edital N\u00ba 01\/2025 vagas remanescentes, Banca Agosto de 2025 Cronograma 2\u00ba Etapa de propostas homologadas &#8211; Banca Agosto de 2025 Homologa\u00e7\u00e3o das propostas vagas remanescentes &#8211; Banca Agosto 2025 Resultado Final do Edital N\u00ba 01\/2025 vagas remanescentes, Banca 21 de julho de 2025 Resultado Preliminar do Edital N\u00ba 01\/2025 vagas remanescentes, Banca 21 de julho de 2025 Cronograma 2\u00ba Etapa de propostas homologadas Homologa\u00e7\u00e3o das Propostas &#8211; 2\u00ba Of\u00edcio Edital 01\/2025 &#8211; Resultado final Edital 01\/2025 &#8211; Resultado Preliminar Resultados ap\u00f3s Recursos das Inscri\u00e7\u00f5es homologadas Homologa\u00e7\u00e3o das Propostas Cronograma da 2\u00aa Fase Edital 01\/2025 &#8211; EDITAL DE SELE\u00c7\u00c3O DE PROPOSTAS PARA INCUBA\u00c7\u00c3O\u00a0 ANEXO I &#8211; Ficha De Inscri\u00e7\u00e3o Pessoa F\u00edsica PDFANEXO I &#8211; Ficha De Inscri\u00e7\u00e3o Pessoa F\u00edsica DOCX ANEXO II &#8211; Ficha De Inscri\u00e7\u00e3o Pessoa Jur\u00eddica PDFANEXO II &#8211; Ficha De Inscri\u00e7\u00e3o Pessoa Jur\u00eddica DOCX ANEXO III &#8211; ROTEIRO DA PROPOSTA DO NEG\u00d3CIO PARA INCUBA\u00c7\u00c3O\u00a0PDFANEXO III &#8211; ROTEIRO DA PROPOSTA DO NEG\u00d3CIO PARA INCUBA\u00c7\u00c3O DOCX ANEXO IV &#8211; DECLARA\u00c7\u00c3O DE RESPONSABILIDADE PDFANEXO IV &#8211; DECLARA\u00c7\u00c3O DE RESPONSABILIDADE DOCX ANEXO V &#8211; FORMUL\u00c1RIO PARA RECURSO PDFANEXO V &#8211; FORMUL\u00c1RIO PARA RECURSO\u00a0DOCX 2024 Edital 01\/2024 Bolsista EXT D &#8211; Resultado Final Edital 01\/2024 Bolsista EXT D &#8211; Retifica\u00e7\u00e3o do Resultado Parcial Edital 01\/2024 Bolsista EXT D &#8211; Classifica\u00e7\u00e3o Parcial Edital 01\/2024 Bolsista EXT D &#8211; Inscri\u00e7\u00f5es Homologadas Edital 01\/2024 Bolsista EXT\u00a0D &#8211; Espac\u0327o Empreendedor 2023 Resultado Final da Homologa\u00e7\u00e3o das Startups do Espa\u00e7o Empreendedor 02\/2023\u00a0\u00a0 Resultado Preliminar\u00a0Edital 02\/2023 &#8211; Espa\u00e7o Empreendedor UFES Habilita\u00e7\u00e3o das Propostas Edital 02\/2023 &#8211; Espa\u00e7o Empreendedor UFES Errata do Cronograma Edital 02\/2023 &#8211; Espa\u00e7o Empreendedor UFES Edital 02\/20203 &#8211; Espa\u00e7o Empreendedor UFES 2019 Resultado Final &#8211; Espa\u00e7o Empreendedor UFES Resultado Preliminar 2\u00aa Fase &#8211; Espa\u00e7o Empreendedor UFES Resultado 1\u00aa Fase &#8211; Espa\u00e7o Empreendedor UFES Edital Retificado\u00a0001\/2019 &#8211; Espa\u00e7o Empreendedor UFES Edital 001\/2019 &#8211; Espa\u00e7o Empreendedor UFES<\/p>\n","protected":false},"author":1,"featured_media":0,"parent":0,"menu_order":0,"comment_status":"closed","ping_status":"closed","template":"","meta":{"site-sidebar-layout":"no-sidebar","site-content-layout":"","ast-site-content-layout":"full-width-container","site-content-style":"default","site-sidebar-style":"default","ast-global-header-display":"","ast-banner-title-visibility":"","ast-main-header-display":"","ast-hfb-above-header-display":"","ast-hfb-below-header-display":"","ast-hfb-mobile-header-display":"","site-post-title":"","ast-breadcrumbs-content":"","ast-featured-img":"disabled","footer-sml-layout":"","theme-transparent-header-meta":"","adv-header-id-meta":"","stick-header-meta":"","header-above-stick-meta":"","header-main-stick-meta":"","header-below-stick-meta":"","astra-migrate-meta-layouts":"default","ast-page-background-enabled":"default","ast-page-background-meta":{"desktop":{"background-color":"var(--ast-global-color-5)","background-image":"","background-repeat":"repeat","background-position":"center center","background-size":"auto","background-attachment":"scroll","background-type":"","background-media":"","overlay-type":"","overlay-color":"","overlay-opacity":"","overlay-gradient":""},"tablet":{"background-color":"","background-image":"","background-repeat":"repeat","background-position":"center center","background-size":"auto","background-attachment":"scroll","background-type":"","background-media":"","overlay-type":"","overlay-color":"","overlay-opacity":"","overlay-gradient":""},"mobile":{"background-color":"","background-image":"","background-repeat":"repeat","background-position":"center center","background-size":"auto","background-attachment":"scroll","background-type":"","background-media":"","overlay-type":"","overlay-color":"","overlay-opacity":"","overlay-gradient":""}},"ast-content-background-meta":{"desktop":{"background-color":"var(--ast-global-color-4)","background-image":"","background-repeat":"repeat","background-position":"center center","background-size":"auto","background-attachment":"scroll","background-type":"","background-media":"","overlay-type":"","overlay-color":"","overlay-opacity":"","overlay-gradient":""},"tablet":{"background-color":"var(--ast-global-color-4)","background-image":"","background-repeat":"repeat","background-position":"center center","background-size":"auto","background-attachment":"scroll","background-type":"","background-media":"","overlay-type":"","overlay-color":"","overlay-opacity":"","overlay-gradient":""},"mobile":{"background-color":"var(--ast-global-color-4)","background-image":"","background-repeat":"repeat","background-position":"center center","background-size":"auto","background-attachment":"scroll","background-type":"","background-media":"","overlay-type":"","overlay-color":"","overlay-opacity":"","overlay-gradient":""}},"footnotes":""},"class_list":["post-279","page","type-page","status-publish","hentry"],"_links":{"self":[{"href":"https:\/\/inovaee.ufes.br\/index.php?rest_route=\/wp\/v2\/pages\/279","targetHints":{"allow":["GET"]}}],"collection":[{"href":"https:\/\/inovaee.ufes.br\/index.php?rest_route=\/wp\/v2\/pages"}],"about":[{"href":"https:\/\/inovaee.ufes.br\/index.php?rest_route=\/wp\/v2\/types\/page"}],"author":[{"embeddable":true,"href":"https:\/\/inovaee.ufes.br\/index.php?rest_route=\/wp\/v2\/users\/1"}],"replies":[{"embeddable":true,"href":"https:\/\/inovaee.ufes.br\/index.php?rest_route=%2Fwp%2Fv2%2Fcomments&post=279"}],"version-history":[{"count":10,"href":"https:\/\/inovaee.ufes.br\/index.php?rest_route=\/wp\/v2\/pages\/279\/revisions"}],"predecessor-version":[{"id":297,"href":"https:\/\/inovaee.ufes.br\/index.php?rest_route=\/wp\/v2\/pages\/279\/revisions\/297"}],"wp:attachment":[{"href":"https:\/\/inovaee.ufes.br\/index.php?rest_route=%2Fwp%2Fv2%2Fmedia&parent=279"}],"curies":[{"name":"wp","href":"https:\/\/api.w.org\/{rel}","templated":true}]}}